{"id":18,"date":"2024-01-18T12:34:42","date_gmt":"2024-01-18T11:34:42","guid":{"rendered":"http:\/\/site-rctm.test\/?page_id=18"},"modified":"2024-02-22T10:18:20","modified_gmt":"2024-02-22T09:18:20","slug":"organigramme-nos-benevoles-et-le-bureau","status":"publish","type":"page","link":"http:\/\/www.rugbyclubsmontaigu.com\/index.php\/organigramme-nos-benevoles-et-le-bureau\/","title":{"rendered":"Organigramme du RCTM : nos B\u00e9n\u00e9voles et le Bureau"},"content":{"rendered":"\n<p>Nous tenons \u00e0 exprimer notre plus profonde gratitude envers tous les b\u00e9n\u00e9voles d\u00e9vou\u00e9s qui font battre le c\u0153ur de notre club de rugby. <br>Leur engagement ind\u00e9fectible et leur passion in\u00e9branlable sont les piliers de notre r\u00e9ussite collective. Gr\u00e2ce \u00e0 leur travail acharn\u00e9, nous pouvons continuer \u00e0 offrir \u00e0 nos joueurs un environnement propice \u00e0 leur \u00e9panouissement sportif et personnel. <br>Leur d\u00e9vouement d\u00e9sint\u00e9ress\u00e9, leur g\u00e9n\u00e9rosit\u00e9 et leur volont\u00e9 de donner de leur temps et de leur \u00e9nergie ne passent pas inaper\u00e7us. <br>Ensemble, ils sont le moteur de notre club, ils permettent au rugby de rayonner atour de Montaigu et plus largement en Vend\u00e9e. nous leur sommes infiniment reconnaissants pour tout ce qu&rsquo;ils apportent. <\/p>\n\n\n\n<p>Merci du fond du c\u0153ur pour votre pr\u00e9cieuse contribution au succ\u00e8s de notre famille rugbystique.<\/p>\n\n\n\n<div class=\"wp-block-columns is-layout-flex wp-container-core-columns-is-layout-9d6595d7 wp-block-columns-is-layout-flex\">\n<div class=\"wp-block-column is-vertically-aligned-center is-layout-flow wp-block-column-is-layout-flow\" style=\"flex-basis:33.33%\">\n<h3 class=\"wp-block-heading\">Membres du bureau :<\/h3>\n<\/div>\n\n\n\n<div class=\"wp-block-column is-layout-flow wp-block-column-is-layout-flow\" style=\"flex-basis:66.66%\">\n<div class=\"wp-block-columns is-layout-flex wp-container-core-columns-is-layout-9d6595d7 wp-block-columns-is-layout-flex\">\n<div class=\"wp-block-column is-vertically-aligned-center is-layout-flow wp-block-column-is-layout-flow\">\n<p class=\"has-text-align-left\">Pr\u00e9sident : Wilfrid Langlais <br>Co-pr\u00e9sident : J\u00e9r\u00e9my lugez <br>Secr\u00e9taire : St\u00e9phanie Vestia <br>Tr\u00e9sorier : Laurent petiot<\/p>\n<\/div>\n\n\n\n<div class=\"wp-block-column is-layout-flow wp-block-column-is-layout-flow\">\n<div class=\"wp-block-columns is-layout-flex wp-container-core-columns-is-layout-9d6595d7 wp-block-columns-is-layout-flex\">\n<div class=\"wp-block-column is-layout-flow wp-block-column-is-layout-flow\">\n<p>Charl\u00e8ne Jaffry<br>C\u00e9line Rodriguez <br>Sandrine amproux<br>Beno\u00eet dugast  <\/p>\n<\/div>\n\n\n\n<div class=\"wp-block-column is-layout-flow wp-block-column-is-layout-flow\">\n<p>Johan jaffry Nicolas ha\u00efssant Dominique Costa Gomez<\/p>\n<\/div>\n<\/div>\n<\/div>\n<\/div>\n<\/div>\n<\/div>\n\n\n\n<div class=\"wp-block-columns is-layout-flex wp-container-core-columns-is-layout-9d6595d7 wp-block-columns-is-layout-flex\">\n<div class=\"wp-block-column is-vertically-aligned-center is-layout-flow wp-block-column-is-layout-flow\" style=\"flex-basis:33.33%\">\n<h3 class=\"wp-block-heading\">Responsables associatif :<\/h3>\n<\/div>\n\n\n\n<div class=\"wp-block-column is-layout-flow wp-block-column-is-layout-flow\" style=\"flex-basis:66.66%\">\n<div class=\"wp-block-columns is-layout-flex wp-container-core-columns-is-layout-9d6595d7 wp-block-columns-is-layout-flex\">\n<div class=\"wp-block-column is-vertically-aligned-center is-layout-flow wp-block-column-is-layout-flow\">\n<p>Licence EDR &amp; P\u00f4le jeune : St\u00e9phanie Vestia <br>Responsable \u00c9quipe Senior : Carole Remaud Responsable EDR : Fabien chanson <\/p>\n<\/div>\n\n\n\n<div class=\"wp-block-column is-vertically-aligned-center is-layout-flow wp-block-column-is-layout-flow\">\n<p>Responsable partenariats : J\u00e9r\u00e9my lugez<br>Gestion de la boutique : Fr\u00e9d\u00e9ric Hocbon<\/p>\n<\/div>\n<\/div>\n<\/div>\n<\/div>\n\n\n\n<div class=\"wp-block-columns is-layout-flex wp-container-core-columns-is-layout-9d6595d7 wp-block-columns-is-layout-flex\">\n<div class=\"wp-block-column is-vertically-aligned-center is-layout-flow wp-block-column-is-layout-flow\" style=\"flex-basis:33.33%\">\n<h3 class=\"wp-block-heading\">Entraineurs-\u00e9ducateurs : <\/h3>\n<\/div>\n\n\n\n<div class=\"wp-block-column is-vertically-aligned-center is-layout-flow wp-block-column-is-layout-flow\" style=\"flex-basis:66.66%\">\n<div class=\"wp-block-columns is-layout-flex wp-container-core-columns-is-layout-9d6595d7 wp-block-columns-is-layout-flex\">\n<div class=\"wp-block-column is-layout-flow wp-block-column-is-layout-flow\">\n<p>U6 : Fabien Chanson, Mathilde Langlais, Julien Crepeau et Johan Jaffry <br>U8: Fran\u00e7ois Ayral et Vincent Remau. <br>U10: Laurent Petiot et Mathieu Bois.<br>U12: Nicolas Ha\u00efssant, Thibault, Laurent et Julien Chiron <br>U14 : Fr\u00e9d\u00e9ric Hocbon et Micka\u00ebl Arbeloa Oses <br>U16-U19 (p\u00f4le Jeunes) : Corentin mercier<br>\u00c9quipe Senior : Ludovic Gomez<\/p>\n<\/div>\n<\/div>\n<\/div>\n<\/div>\n\n\n\n<div class=\"wp-block-buttons is-content-justification-center is-layout-flex wp-container-core-buttons-is-layout-16018d1d wp-block-buttons-is-layout-flex\">\n<div class=\"wp-block-button is-style-primary\"><a class=\"wp-block-button__link wp-element-button\" href=\"http:\/\/site-rctm.test\/index.php\/contactez-nous\/\">Devenez B\u00e9n\u00e9voles du RCTM<\/a><\/div>\n<\/div>\n\n\n\n<p> <\/p>\n","protected":false},"excerpt":{"rendered":"<p>Nous tenons \u00e0 exprimer notre plus profonde gratitude envers tous les b\u00e9n\u00e9voles d\u00e9vou\u00e9s qui font battre le c\u0153ur de notre club de rugby. Leur engagement ind\u00e9fectible et leur passion in\u00e9branlable sont les piliers de notre r\u00e9ussite collective. Gr\u00e2ce \u00e0 leur travail acharn\u00e9, nous pouvons continuer \u00e0 offrir \u00e0 nos joueurs un environnement propice \u00e0 leur&hellip;&nbsp;<a href=\"http:\/\/www.rugbyclubsmontaigu.com\/index.php\/organigramme-nos-benevoles-et-le-bureau\/\" class=\"\" rel=\"bookmark\">Lire la suite &raquo;<span class=\"screen-reader-text\">Organigramme du RCTM : nos B\u00e9n\u00e9voles et le Bureau<\/span><\/a><\/p>\n","protected":false},"author":1,"featured_media":0,"parent":0,"menu_order":0,"comment_status":"closed","ping_status":"closed","template":"","meta":{"om_disable_all_campaigns":false,"_monsterinsights_skip_tracking":false,"_monsterinsights_sitenote_active":false,"_monsterinsights_sitenote_note":"","_monsterinsights_sitenote_category":0,"neve_meta_sidebar":"","neve_meta_container":"","neve_meta_enable_content_width":"","neve_meta_content_width":0,"neve_meta_title_alignment":"","neve_meta_author_avatar":"","neve_post_elements_order":"","neve_meta_disable_header":"","neve_meta_disable_footer":"","neve_meta_disable_title":"","footnotes":""},"class_list":["post-18","page","type-page","status-publish","hentry"],"yoast_head":"<!-- This site is optimized with the Yoast SEO plugin v26.2 - https:\/\/yoast.com\/wordpress\/plugins\/seo\/ -->\n<title>Organigramme du RCTM : nos B\u00e9n\u00e9voles et le Bureau - Rugby Club Terres de Montaigu - Vend\u00e9e<\/title>\n<meta name=\"robots\" content=\"index, follow, max-snippet:-1, max-image-preview:large, max-video-preview:-1\" \/>\n<link rel=\"canonical\" href=\"https:\/\/rugbyclubmontaiguvendee.com\/index.php\/organigramme-nos-benevoles-et-le-bureau\/\" \/>\n<meta property=\"og:locale\" content=\"fr_FR\" \/>\n<meta property=\"og:type\" content=\"article\" \/>\n<meta property=\"og:title\" content=\"Organigramme du RCTM : nos B\u00e9n\u00e9voles et le Bureau - Rugby Club Terres de Montaigu - Vend\u00e9e\" \/>\n<meta property=\"og:description\" content=\"Nous tenons \u00e0 exprimer notre plus profonde gratitude envers tous les b\u00e9n\u00e9voles d\u00e9vou\u00e9s qui font battre le c\u0153ur de notre club de rugby. Leur engagement ind\u00e9fectible et leur passion in\u00e9branlable sont les piliers de notre r\u00e9ussite collective. Gr\u00e2ce \u00e0 leur travail acharn\u00e9, nous pouvons continuer \u00e0 offrir \u00e0 nos joueurs un environnement propice \u00e0 leur&hellip;&nbsp;Lire la suite &raquo;Organigramme du RCTM : nos B\u00e9n\u00e9voles et le Bureau\" \/>\n<meta property=\"og:url\" content=\"https:\/\/rugbyclubmontaiguvendee.com\/index.php\/organigramme-nos-benevoles-et-le-bureau\/\" \/>\n<meta property=\"og:site_name\" content=\"Rugby Club Terres de Montaigu - Vend\u00e9e\" \/>\n<meta property=\"article:publisher\" content=\"https:\/\/fr-fr.facebook.com\/rugbyclubdesterresdemontaigu\/\" \/>\n<meta property=\"article:modified_time\" content=\"2024-02-22T09:18:20+00:00\" \/>\n<meta name=\"twitter:card\" content=\"summary_large_image\" \/>\n<meta name=\"twitter:label1\" content=\"Dur\u00e9e de lecture estim\u00e9e\" \/>\n\t<meta name=\"twitter:data1\" content=\"2 minutes\" \/>\n<script type=\"application\/ld+json\" class=\"yoast-schema-graph\">{\"@context\":\"https:\/\/schema.org\",\"@graph\":[{\"@type\":\"WebPage\",\"@id\":\"https:\/\/rugbyclubmontaiguvendee.com\/index.php\/organigramme-nos-benevoles-et-le-bureau\/\",\"url\":\"https:\/\/rugbyclubmontaiguvendee.com\/index.php\/organigramme-nos-benevoles-et-le-bureau\/\",\"name\":\"Organigramme du RCTM : nos B\u00e9n\u00e9voles et le Bureau - Rugby Club Terres de Montaigu - Vend\u00e9e\",\"isPartOf\":{\"@id\":\"https:\/\/rugbyclubmontaiguvendee.com\/#website\"},\"datePublished\":\"2024-01-18T11:34:42+00:00\",\"dateModified\":\"2024-02-22T09:18:20+00:00\",\"breadcrumb\":{\"@id\":\"https:\/\/rugbyclubmontaiguvendee.com\/index.php\/organigramme-nos-benevoles-et-le-bureau\/#breadcrumb\"},\"inLanguage\":\"fr-FR\",\"potentialAction\":[{\"@type\":\"ReadAction\",\"target\":[\"https:\/\/rugbyclubmontaiguvendee.com\/index.php\/organigramme-nos-benevoles-et-le-bureau\/\"]}]},{\"@type\":\"BreadcrumbList\",\"@id\":\"https:\/\/rugbyclubmontaiguvendee.com\/index.php\/organigramme-nos-benevoles-et-le-bureau\/#breadcrumb\",\"itemListElement\":[{\"@type\":\"ListItem\",\"position\":1,\"name\":\"Accueil\",\"item\":\"https:\/\/rugbyclubmontaiguvendee.com\/\"},{\"@type\":\"ListItem\",\"position\":2,\"name\":\"Organigramme du RCTM : nos B\u00e9n\u00e9voles et le Bureau\"}]},{\"@type\":\"WebSite\",\"@id\":\"https:\/\/rugbyclubmontaiguvendee.com\/#website\",\"url\":\"https:\/\/rugbyclubmontaiguvendee.com\/\",\"name\":\"Rugby Club Terre de Montaigu - Vend\u00e9e\",\"description\":\"Rejoignez l&#039;aventure\",\"publisher\":{\"@id\":\"https:\/\/rugbyclubmontaiguvendee.com\/#organization\"},\"potentialAction\":[{\"@type\":\"SearchAction\",\"target\":{\"@type\":\"EntryPoint\",\"urlTemplate\":\"https:\/\/rugbyclubmontaiguvendee.com\/?s={search_term_string}\"},\"query-input\":{\"@type\":\"PropertyValueSpecification\",\"valueRequired\":true,\"valueName\":\"search_term_string\"}}],\"inLanguage\":\"fr-FR\"},{\"@type\":\"Organization\",\"@id\":\"https:\/\/rugbyclubmontaiguvendee.com\/#organization\",\"name\":\"Rugby Club Terre de Montaigu - Vend\u00e9e\",\"url\":\"https:\/\/rugbyclubmontaiguvendee.com\/\",\"logo\":{\"@type\":\"ImageObject\",\"inLanguage\":\"fr-FR\",\"@id\":\"https:\/\/rugbyclubmontaiguvendee.com\/#\/schema\/logo\/image\/\",\"url\":\"http:\/\/www.rugbyclubsmontaigu.com\/wp-content\/uploads\/2024\/01\/cropped-logo-RCTM-120X150.png\",\"contentUrl\":\"http:\/\/www.rugbyclubsmontaigu.com\/wp-content\/uploads\/2024\/01\/cropped-logo-RCTM-120X150.png\",\"width\":120,\"height\":150,\"caption\":\"Rugby Club Terre de Montaigu - Vend\u00e9e\"},\"image\":{\"@id\":\"https:\/\/rugbyclubmontaiguvendee.com\/#\/schema\/logo\/image\/\"},\"sameAs\":[\"https:\/\/fr-fr.facebook.com\/rugbyclubdesterresdemontaigu\/\",\"https:\/\/www.instagram.com\/edr_rctm85\/\"]}]}<\/script>\n<!-- \/ Yoast SEO plugin. -->","yoast_head_json":{"title":"Organigramme du RCTM : nos B\u00e9n\u00e9voles et le Bureau - Rugby Club Terres de Montaigu - Vend\u00e9e","robots":{"index":"index","follow":"follow","max-snippet":"max-snippet:-1","max-image-preview":"max-image-preview:large","max-video-preview":"max-video-preview:-1"},"canonical":"https:\/\/rugbyclubmontaiguvendee.com\/index.php\/organigramme-nos-benevoles-et-le-bureau\/","og_locale":"fr_FR","og_type":"article","og_title":"Organigramme du RCTM : nos B\u00e9n\u00e9voles et le Bureau - Rugby Club Terres de Montaigu - Vend\u00e9e","og_description":"Nous tenons \u00e0 exprimer notre plus profonde gratitude envers tous les b\u00e9n\u00e9voles d\u00e9vou\u00e9s qui font battre le c\u0153ur de notre club de rugby. Leur engagement ind\u00e9fectible et leur passion in\u00e9branlable sont les piliers de notre r\u00e9ussite collective. Gr\u00e2ce \u00e0 leur travail acharn\u00e9, nous pouvons continuer \u00e0 offrir \u00e0 nos joueurs un environnement propice \u00e0 leur&hellip;&nbsp;Lire la suite &raquo;Organigramme du RCTM : nos B\u00e9n\u00e9voles et le Bureau","og_url":"https:\/\/rugbyclubmontaiguvendee.com\/index.php\/organigramme-nos-benevoles-et-le-bureau\/","og_site_name":"Rugby Club Terres de Montaigu - Vend\u00e9e","article_publisher":"https:\/\/fr-fr.facebook.com\/rugbyclubdesterresdemontaigu\/","article_modified_time":"2024-02-22T09:18:20+00:00","twitter_card":"summary_large_image","twitter_misc":{"Dur\u00e9e de lecture estim\u00e9e":"2 minutes"},"schema":{"@context":"https:\/\/schema.org","@graph":[{"@type":"WebPage","@id":"https:\/\/rugbyclubmontaiguvendee.com\/index.php\/organigramme-nos-benevoles-et-le-bureau\/","url":"https:\/\/rugbyclubmontaiguvendee.com\/index.php\/organigramme-nos-benevoles-et-le-bureau\/","name":"Organigramme du RCTM : nos B\u00e9n\u00e9voles et le Bureau - Rugby Club Terres de Montaigu - Vend\u00e9e","isPartOf":{"@id":"https:\/\/rugbyclubmontaiguvendee.com\/#website"},"datePublished":"2024-01-18T11:34:42+00:00","dateModified":"2024-02-22T09:18:20+00:00","breadcrumb":{"@id":"https:\/\/rugbyclubmontaiguvendee.com\/index.php\/organigramme-nos-benevoles-et-le-bureau\/#breadcrumb"},"inLanguage":"fr-FR","potentialAction":[{"@type":"ReadAction","target":["https:\/\/rugbyclubmontaiguvendee.com\/index.php\/organigramme-nos-benevoles-et-le-bureau\/"]}]},{"@type":"BreadcrumbList","@id":"https:\/\/rugbyclubmontaiguvendee.com\/index.php\/organigramme-nos-benevoles-et-le-bureau\/#breadcrumb","itemListElement":[{"@type":"ListItem","position":1,"name":"Accueil","item":"https:\/\/rugbyclubmontaiguvendee.com\/"},{"@type":"ListItem","position":2,"name":"Organigramme du RCTM : nos B\u00e9n\u00e9voles et le Bureau"}]},{"@type":"WebSite","@id":"https:\/\/rugbyclubmontaiguvendee.com\/#website","url":"https:\/\/rugbyclubmontaiguvendee.com\/","name":"Rugby Club Terre de Montaigu - Vend\u00e9e","description":"Rejoignez l&#039;aventure","publisher":{"@id":"https:\/\/rugbyclubmontaiguvendee.com\/#organization"},"potentialAction":[{"@type":"SearchAction","target":{"@type":"EntryPoint","urlTemplate":"https:\/\/rugbyclubmontaiguvendee.com\/?s={search_term_string}"},"query-input":{"@type":"PropertyValueSpecification","valueRequired":true,"valueName":"search_term_string"}}],"inLanguage":"fr-FR"},{"@type":"Organization","@id":"https:\/\/rugbyclubmontaiguvendee.com\/#organization","name":"Rugby Club Terre de Montaigu - Vend\u00e9e","url":"https:\/\/rugbyclubmontaiguvendee.com\/","logo":{"@type":"ImageObject","inLanguage":"fr-FR","@id":"https:\/\/rugbyclubmontaiguvendee.com\/#\/schema\/logo\/image\/","url":"http:\/\/www.rugbyclubsmontaigu.com\/wp-content\/uploads\/2024\/01\/cropped-logo-RCTM-120X150.png","contentUrl":"http:\/\/www.rugbyclubsmontaigu.com\/wp-content\/uploads\/2024\/01\/cropped-logo-RCTM-120X150.png","width":120,"height":150,"caption":"Rugby Club Terre de Montaigu - Vend\u00e9e"},"image":{"@id":"https:\/\/rugbyclubmontaiguvendee.com\/#\/schema\/logo\/image\/"},"sameAs":["https:\/\/fr-fr.facebook.com\/rugbyclubdesterresdemontaigu\/","https:\/\/www.instagram.com\/edr_rctm85\/"]}]}},"_links":{"self":[{"href":"http:\/\/www.rugbyclubsmontaigu.com\/index.php\/wp-json\/wp\/v2\/pages\/18","targetHints":{"allow":["GET"]}}],"collection":[{"href":"http:\/\/www.rugbyclubsmontaigu.com\/index.php\/wp-json\/wp\/v2\/pages"}],"about":[{"href":"http:\/\/www.rugbyclubsmontaigu.com\/index.php\/wp-json\/wp\/v2\/types\/page"}],"author":[{"embeddable":true,"href":"http:\/\/www.rugbyclubsmontaigu.com\/index.php\/wp-json\/wp\/v2\/users\/1"}],"replies":[{"embeddable":true,"href":"http:\/\/www.rugbyclubsmontaigu.com\/index.php\/wp-json\/wp\/v2\/comments?post=18"}],"version-history":[{"count":7,"href":"http:\/\/www.rugbyclubsmontaigu.com\/index.php\/wp-json\/wp\/v2\/pages\/18\/revisions"}],"predecessor-version":[{"id":470,"href":"http:\/\/www.rugbyclubsmontaigu.com\/index.php\/wp-json\/wp\/v2\/pages\/18\/revisions\/470"}],"wp:attachment":[{"href":"http:\/\/www.rugbyclubsmontaigu.com\/index.php\/wp-json\/wp\/v2\/media?parent=18"}],"curies":[{"name":"wp","href":"https:\/\/api.w.org\/{rel}","templated":true}]}}